{"id":161,"date":"2011-09-29T00:58:03","date_gmt":"2011-09-29T04:58:03","guid":{"rendered":"https:\/\/jonathancraft.ca\/wp\/?page_id=161"},"modified":"2025-12-19T09:34:46","modified_gmt":"2025-12-19T14:34:46","slug":"welcome","status":"publish","type":"page","link":"https:\/\/jonathancraft.ca\/","title":{"rendered":"Welcome|Accueil"},"content":{"rendered":"<p style=\"text-align: left;\">I am Associate Professor in the\u00a0<a href=\"http:\/\/politics.utoronto.ca\/\">Department of Political Science<\/a>\u00a0and <a href=\"https:\/\/munkschool.utoronto.ca\/\">Munk School of Global Affairs and\u00a0 Public Policy<\/a>, at the University of Toronto.<\/p>\n<p style=\"text-align: left;\"><a href=\"https:\/\/jonathancraft.ca\/wp-content\/uploads\/2011\/09\/jw.jpg\"><img loading=\"lazy\" decoding=\"async\" class=\"wp-image-1234 alignright\" src=\"https:\/\/jonathancraft.ca\/wp-content\/uploads\/2011\/09\/jw-214x300.jpg\" width=\"300\" height=\"421\" srcset=\"https:\/\/jonathancraft.ca\/wp-content\/uploads\/2011\/09\/jw-214x300.jpg 214w, https:\/\/jonathancraft.ca\/wp-content\/uploads\/2011\/09\/jw-768x1075.jpg 768w, https:\/\/jonathancraft.ca\/wp-content\/uploads\/2011\/09\/jw-731x1024.jpg 731w\" sizes=\"auto, (max-width: 300px) 100vw, 300px\" \/><\/a><\/p>\n<p style=\"text-align: left;\">A specialist in comparative public policy and administration, my award winning research focuses on\u00a0how policy gets made,\u00a0political-administrative relations, policy advice, and the intersection of technology and policy making.\u00a0 I have <a href=\"https:\/\/jonathancraft.ca\/index.php\/representative-publications\/\">published<\/a> extensively on policy advice and advisory systems, policy design, and policy capacity and reform.\u00a0In 2019 I founded\u00a0<a href=\"http:\/\/www.policyready.ca\">Policy Ready<\/a>, a research and teaching platform focused on revitalizing public sector policy making for the digital era.<\/p>\n<p style=\"text-align: left;\">I served as the 2024\u00a0<a href=\"https:\/\/www.csps-efpc.gc.ca\/partnerships\/visitingscholar-eng.aspx\">Jocelyne Bourgon Visiting Scholar<\/a> at the Canada School of Public Service and\u00a0was also a\u00a0visiting scholar with the Australia and New Zealand School of Government (<a href=\"https:\/\/anzsog.edu.au\/\">ANZOG<\/a>).\u00a0 Before joining the University of Toronto I worked as a federal public servant and a Legislative Assistant at the Legislative Assembly of Ontario. A proud Franco-Ontarian I now call\u00a0<a href=\"https:\/\/www.oakville.ca\/community-events\/community-resources\/about-oakville\/\">Oakville<\/a> home where I live with my wife Zoiey and our two children.<\/p>\n<p style=\"text-align: left;\"><img loading=\"lazy\" decoding=\"async\" class=\"aligncenter wp-image-710 size-medium\" src=\"https:\/\/jonathancraft.ca\/wp-content\/uploads\/2017\/02\/UofTCrst_Stacked_blue_655-copy-copy-300x134-300x134.jpg\" width=\"300\" height=\"134\" \/><\/p>\n<p>Je suis professeur\u00a0agr\u00e9g\u00e9e au D\u00e9partement de Science Politique, contre nomm\u00e9s \u00e0 l&#8217;\u00c9cole\u00a0 d&#8217;Affaire et Politique Publique Munk, \u00e0 l&#8217;Universit\u00e9 de Toronto.<\/p>\n<p style=\"text-align: left;\">Mes int\u00e9r\u00eats de recherche portent sur la politique comparative et l&#8217;administration publique. Je suis particuli\u00e8rement int\u00e9ress\u00e9 par le proc\u00e9cessus de l&#8217;\u00e9laboration des politiques publique, les relations politico-administratives, et l&#8217;intersection de la technologie et des politiques publique.\u00a0J&#8217;ai <a href=\"https:\/\/jonathancraft.ca\/index.php\/representative-publications\/\">publi\u00e9 de nombreux articles<\/a> sur les conseils politiques et les syst\u00e8mes de conseils, la conception des politiques, ainsi que la capacit\u00e9 et la r\u00e9forme politiques. En 2019 j&#8217;ai fond\u00e9\u00a0<a href=\"http:\/\/www.policyready.ca\">Policy Ready <\/a>une plate-forme de recherche et d&#8217;enseignement ax\u00e9e sur la revitalisation des politiques publique pour l&#8217;<span class=\"st\">\u00e2<\/span>ge num\u00e9rique.<\/p>\n<p>J&#8217;\u00e9tais le <a href=\"https:\/\/www.csps-efpc.gc.ca\/partnerships\/visitingscholar-fra.aspx\">chercheur invit\u00e9 Jocelyne Bourgon<\/a> \u00e0 l&#8217;\u00c9cole de la Fonction Publique du Canada en 2024 et\u00a0je suis un ancien chercheur invit\u00e9\u00a0\u00e0 l&#8217;Australia and New Zealand School of Government (<a href=\"https:\/\/anzsog.edu.au\/\">ANZOG<\/a>). J&#8217;\u00e9tais auparavant un fonctionnaire f\u00e9d\u00e9ral et un adjoint l\u00e9gislatif \u00e0 l&#8217;Assembl\u00e9e L\u00e9gislative de l&#8217;Ontario. Un fier Franco-Ontarien j&#8217;habite \u00e0\u00a0<a href=\"https:\/\/www.oakville.ca\/community-events\/community-resources\/about-oakville\/\">Oakville<\/a> avec ma conjointe Zoiey et nos deux enfants.<\/p>\n","protected":false},"excerpt":{"rendered":"<p>I am Associate Professor in the\u00a0Department of Political Science\u00a0and Munk School of Global Affairs and\u00a0 Public Policy, at the University of Toronto. A specialist in comparative public policy and administration, my award winning research focuses on\u00a0how policy gets made,\u00a0political-administrative relations, policy advice, and the intersection of technology and policy making.\u00a0 I have published extensively on &hellip; <\/p>\n<p class=\"link-more\"><a href=\"https:\/\/jonathancraft.ca\/\" class=\"more-link\">Continue reading<span class=\"screen-reader-text\"> &#8220;Welcome|Accueil&#8221;<\/span><\/a><\/p>\n","protected":false},"author":2,"featured_media":0,"parent":0,"menu_order":0,"comment_status":"closed","ping_status":"closed","template":"","meta":{"footnotes":""},"class_list":["post-161","page","type-page","status-publish","hentry"],"_links":{"self":[{"href":"https:\/\/jonathancraft.ca\/index.php\/wp-json\/wp\/v2\/pages\/161","targetHints":{"allow":["GET"]}}],"collection":[{"href":"https:\/\/jonathancraft.ca\/index.php\/wp-json\/wp\/v2\/pages"}],"about":[{"href":"https:\/\/jonathancraft.ca\/index.php\/wp-json\/wp\/v2\/types\/page"}],"author":[{"embeddable":true,"href":"https:\/\/jonathancraft.ca\/index.php\/wp-json\/wp\/v2\/users\/2"}],"replies":[{"embeddable":true,"href":"https:\/\/jonathancraft.ca\/index.php\/wp-json\/wp\/v2\/comments?post=161"}],"version-history":[{"count":81,"href":"https:\/\/jonathancraft.ca\/index.php\/wp-json\/wp\/v2\/pages\/161\/revisions"}],"predecessor-version":[{"id":1358,"href":"https:\/\/jonathancraft.ca\/index.php\/wp-json\/wp\/v2\/pages\/161\/revisions\/1358"}],"wp:attachment":[{"href":"https:\/\/jonathancraft.ca\/index.php\/wp-json\/wp\/v2\/media?parent=161"}],"curies":[{"name":"wp","href":"https:\/\/api.w.org\/{rel}","templated":true}]}}